{"id":431,"date":"2026-03-20T17:07:42","date_gmt":"2026-03-20T16:07:42","guid":{"rendered":"https:\/\/opatstvi.magick.cz\/?page_id=431"},"modified":"2026-03-20T17:08:35","modified_gmt":"2026-03-20T16:08:35","slug":"thelema-time","status":"publish","type":"page","link":"https:\/\/opatstvi.magick.cz\/?page_id=431","title":{"rendered":"Thelema time"},"content":{"rendered":"\n<div class=\"thelema-detail \">\n\n<h2>Thelema Time<\/h2>\n\n<p><strong>\n17 Ra-Hoor-Khuit\u00b7 AV122<\/strong><\/p>\n\n<p>\nGregori\u00e1nsk\u00e9 datum<br>\n5. 5. 2026<\/p>\n\n<p>\n<strong>Slunce<\/strong><br>\n14\u00b0 B\u00fdk<br>\n<span class=\"thelema-secondary\">\nSun \u00b7 14\u00b0 Taurus<\/span>\n<\/p>\n\n<p>\n<strong>Luna<\/strong><br>\n24\u00b0 St\u0159elec<br>\n<span class=\"thelema-secondary\">\nMoon \u00b7 24\u00b0 Sagittarius<\/span>\n<\/p>\n\n<p>\n<strong>Planet\u00e1rn\u00ed den<\/strong><br>\n\u00dater\u00fd<br>\n<span class=\"thelema-secondary\">\nDies Martis<\/span>\n<\/p>\n\n<p>\nDen thelemick\u00e9ho roku<br>\n47 \/ 365<\/p>\n\n<p class=\"thelema-progress \"\n   title=\"Den 47 thelemick\u00e9ho roku\">\n<span class=\"done\">\u2588\u2588\u2588<\/span><span class=\"todo\">\u2591\u2591\u2591\u2591\u2591\u2591\u2591\u2591\u2591\u2591\u2591\u2591\u2591\u2591\u2591\u2591\u2591<\/span>\n<\/p>\n\n<p>\nP\u0159\u00ed\u0161t\u00ed rovnodennost<br>\nza 318 dn\u00ed\n<\/p>\n\n<hr>\n\n<h3>Thelemick\u00e9 m\u011bs\u00edce<\/h3>\n\n<table class=\"thelema-months\">\n\n<tr><td>1<\/td><td>Hadit<\/td><\/tr><tr style=\"font-weight:bold;\"><td>2<\/td><td>Ra-Hoor-Khuit<\/td><\/tr><tr><td>3<\/td><td>Hoor-Paar-Kraat<\/td><\/tr><tr><td>4<\/td><td>Tahuti<\/td><\/tr><tr><td>5<\/td><td>Ra-Hoor<\/td><\/tr><tr><td>6<\/td><td>Hathor<\/td><\/tr><tr><td>7<\/td><td>Set<\/td><\/tr><tr><td>8<\/td><td>Isis<\/td><\/tr><tr><td>9<\/td><td>Osiris<\/td><\/tr><tr><td>10<\/td><td>Apophis<\/td><\/tr><tr><td>11<\/td><td>Maat<\/td><\/tr><tr><td>12<\/td><td>Horus<\/td><\/tr>\n<\/table>\n\n<\/div>\n\n\n","protected":false},"excerpt":{"rendered":"","protected":false},"author":1,"featured_media":0,"parent":0,"menu_order":0,"comment_status":"closed","ping_status":"closed","template":"","meta":{"colormag_page_container_layout":"default_layout","colormag_page_sidebar_layout":"default_layout","footnotes":""},"class_list":["post-431","page","type-page","status-publish","hentry"],"yoast_head":"<!-- This site is optimized with the Yoast SEO plugin v27.4 - https:\/\/yoast.com\/product\/yoast-seo-wordpress\/ -->\n<title>Thelema time - Mal\u00e9 opatstv\u00ed thel\u00e9msk\u00e9<\/title>\n<meta name=\"robots\" content=\"index, follow, max-snippet:-1, max-image-preview:large, max-video-preview:-1\" \/>\n<link rel=\"canonical\" href=\"https:\/\/opatstvi.magick.cz\/?page_id=431\" \/>\n<meta property=\"og:locale\" content=\"cs_CZ\" \/>\n<meta property=\"og:type\" content=\"article\" \/>\n<meta property=\"og:title\" content=\"Thelema time - Mal\u00e9 opatstv\u00ed thel\u00e9msk\u00e9\" \/>\n<meta property=\"og:url\" content=\"https:\/\/opatstvi.magick.cz\/?page_id=431\" \/>\n<meta property=\"og:site_name\" content=\"Mal\u00e9 opatstv\u00ed thel\u00e9msk\u00e9\" \/>\n<meta property=\"article:modified_time\" content=\"2026-03-20T16:08:35+00:00\" \/>\n<meta name=\"twitter:card\" content=\"summary_large_image\" \/>\n<meta name=\"twitter:label1\" content=\"Odhadovan\u00e1 doba \u010dten\u00ed\" \/>\n\t<meta name=\"twitter:data1\" content=\"1 minuta\" \/>\n<script type=\"application\/ld+json\" class=\"yoast-schema-graph\">{\"@context\":\"https:\\\/\\\/schema.org\",\"@graph\":[{\"@type\":\"WebPage\",\"@id\":\"https:\\\/\\\/opatstvi.magick.cz\\\/?page_id=431\",\"url\":\"https:\\\/\\\/opatstvi.magick.cz\\\/?page_id=431\",\"name\":\"Thelema time - Mal\u00e9 opatstv\u00ed thel\u00e9msk\u00e9\",\"isPartOf\":{\"@id\":\"https:\\\/\\\/opatstvi.magick.cz\\\/#website\"},\"datePublished\":\"2026-03-20T16:07:42+00:00\",\"dateModified\":\"2026-03-20T16:08:35+00:00\",\"breadcrumb\":{\"@id\":\"https:\\\/\\\/opatstvi.magick.cz\\\/?page_id=431#breadcrumb\"},\"inLanguage\":\"cs\",\"potentialAction\":[{\"@type\":\"ReadAction\",\"target\":[\"https:\\\/\\\/opatstvi.magick.cz\\\/?page_id=431\"]}]},{\"@type\":\"BreadcrumbList\",\"@id\":\"https:\\\/\\\/opatstvi.magick.cz\\\/?page_id=431#breadcrumb\",\"itemListElement\":[{\"@type\":\"ListItem\",\"position\":1,\"name\":\"Dom\u016f\",\"item\":\"https:\\\/\\\/opatstvi.magick.cz\\\/\"},{\"@type\":\"ListItem\",\"position\":2,\"name\":\"Thelema time\"}]},{\"@type\":\"WebSite\",\"@id\":\"https:\\\/\\\/opatstvi.magick.cz\\\/#website\",\"url\":\"https:\\\/\\\/opatstvi.magick.cz\\\/\",\"name\":\"Mal\u00e9 opatstv\u00ed thel\u00e9msk\u00e9\",\"description\":\"Nez\u00e1visl\u00e1 magick\u00e1 l\u00f3\u017ee\",\"publisher\":{\"@id\":\"https:\\\/\\\/opatstvi.magick.cz\\\/#organization\"},\"potentialAction\":[{\"@type\":\"SearchAction\",\"target\":{\"@type\":\"EntryPoint\",\"urlTemplate\":\"https:\\\/\\\/opatstvi.magick.cz\\\/?s={search_term_string}\"},\"query-input\":{\"@type\":\"PropertyValueSpecification\",\"valueRequired\":true,\"valueName\":\"search_term_string\"}}],\"inLanguage\":\"cs\"},{\"@type\":\"Organization\",\"@id\":\"https:\\\/\\\/opatstvi.magick.cz\\\/#organization\",\"name\":\"Mal\u00e9 opatstv\u00ed thel\u00e9msk\u00e9\",\"url\":\"https:\\\/\\\/opatstvi.magick.cz\\\/\",\"logo\":{\"@type\":\"ImageObject\",\"inLanguage\":\"cs\",\"@id\":\"https:\\\/\\\/opatstvi.magick.cz\\\/#\\\/schema\\\/logo\\\/image\\\/\",\"url\":\"https:\\\/\\\/opatstvi.magick.cz\\\/wp-content\\\/uploads\\\/2024\\\/12\\\/hvezda.jpg\",\"contentUrl\":\"https:\\\/\\\/opatstvi.magick.cz\\\/wp-content\\\/uploads\\\/2024\\\/12\\\/hvezda.jpg\",\"width\":200,\"height\":200,\"caption\":\"Mal\u00e9 opatstv\u00ed thel\u00e9msk\u00e9\"},\"image\":{\"@id\":\"https:\\\/\\\/opatstvi.magick.cz\\\/#\\\/schema\\\/logo\\\/image\\\/\"}}]}<\/script>\n<!-- \/ Yoast SEO plugin. -->","yoast_head_json":{"title":"Thelema time - Mal\u00e9 opatstv\u00ed thel\u00e9msk\u00e9","robots":{"index":"index","follow":"follow","max-snippet":"max-snippet:-1","max-image-preview":"max-image-preview:large","max-video-preview":"max-video-preview:-1"},"canonical":"https:\/\/opatstvi.magick.cz\/?page_id=431","og_locale":"cs_CZ","og_type":"article","og_title":"Thelema time - Mal\u00e9 opatstv\u00ed thel\u00e9msk\u00e9","og_url":"https:\/\/opatstvi.magick.cz\/?page_id=431","og_site_name":"Mal\u00e9 opatstv\u00ed thel\u00e9msk\u00e9","article_modified_time":"2026-03-20T16:08:35+00:00","twitter_card":"summary_large_image","twitter_misc":{"Odhadovan\u00e1 doba \u010dten\u00ed":"1 minuta"},"schema":{"@context":"https:\/\/schema.org","@graph":[{"@type":"WebPage","@id":"https:\/\/opatstvi.magick.cz\/?page_id=431","url":"https:\/\/opatstvi.magick.cz\/?page_id=431","name":"Thelema time - Mal\u00e9 opatstv\u00ed thel\u00e9msk\u00e9","isPartOf":{"@id":"https:\/\/opatstvi.magick.cz\/#website"},"datePublished":"2026-03-20T16:07:42+00:00","dateModified":"2026-03-20T16:08:35+00:00","breadcrumb":{"@id":"https:\/\/opatstvi.magick.cz\/?page_id=431#breadcrumb"},"inLanguage":"cs","potentialAction":[{"@type":"ReadAction","target":["https:\/\/opatstvi.magick.cz\/?page_id=431"]}]},{"@type":"BreadcrumbList","@id":"https:\/\/opatstvi.magick.cz\/?page_id=431#breadcrumb","itemListElement":[{"@type":"ListItem","position":1,"name":"Dom\u016f","item":"https:\/\/opatstvi.magick.cz\/"},{"@type":"ListItem","position":2,"name":"Thelema time"}]},{"@type":"WebSite","@id":"https:\/\/opatstvi.magick.cz\/#website","url":"https:\/\/opatstvi.magick.cz\/","name":"Mal\u00e9 opatstv\u00ed thel\u00e9msk\u00e9","description":"Nez\u00e1visl\u00e1 magick\u00e1 l\u00f3\u017ee","publisher":{"@id":"https:\/\/opatstvi.magick.cz\/#organization"},"potentialAction":[{"@type":"SearchAction","target":{"@type":"EntryPoint","urlTemplate":"https:\/\/opatstvi.magick.cz\/?s={search_term_string}"},"query-input":{"@type":"PropertyValueSpecification","valueRequired":true,"valueName":"search_term_string"}}],"inLanguage":"cs"},{"@type":"Organization","@id":"https:\/\/opatstvi.magick.cz\/#organization","name":"Mal\u00e9 opatstv\u00ed thel\u00e9msk\u00e9","url":"https:\/\/opatstvi.magick.cz\/","logo":{"@type":"ImageObject","inLanguage":"cs","@id":"https:\/\/opatstvi.magick.cz\/#\/schema\/logo\/image\/","url":"https:\/\/opatstvi.magick.cz\/wp-content\/uploads\/2024\/12\/hvezda.jpg","contentUrl":"https:\/\/opatstvi.magick.cz\/wp-content\/uploads\/2024\/12\/hvezda.jpg","width":200,"height":200,"caption":"Mal\u00e9 opatstv\u00ed thel\u00e9msk\u00e9"},"image":{"@id":"https:\/\/opatstvi.magick.cz\/#\/schema\/logo\/image\/"}}]}},"_links":{"self":[{"href":"https:\/\/opatstvi.magick.cz\/index.php?rest_route=\/wp\/v2\/pages\/431","targetHints":{"allow":["GET"]}}],"collection":[{"href":"https:\/\/opatstvi.magick.cz\/index.php?rest_route=\/wp\/v2\/pages"}],"about":[{"href":"https:\/\/opatstvi.magick.cz\/index.php?rest_route=\/wp\/v2\/types\/page"}],"author":[{"embeddable":true,"href":"https:\/\/opatstvi.magick.cz\/index.php?rest_route=\/wp\/v2\/users\/1"}],"replies":[{"embeddable":true,"href":"https:\/\/opatstvi.magick.cz\/index.php?rest_route=%2Fwp%2Fv2%2Fcomments&post=431"}],"version-history":[{"count":2,"href":"https:\/\/opatstvi.magick.cz\/index.php?rest_route=\/wp\/v2\/pages\/431\/revisions"}],"predecessor-version":[{"id":433,"href":"https:\/\/opatstvi.magick.cz\/index.php?rest_route=\/wp\/v2\/pages\/431\/revisions\/433"}],"wp:attachment":[{"href":"https:\/\/opatstvi.magick.cz\/index.php?rest_route=%2Fwp%2Fv2%2Fmedia&parent=431"}],"curies":[{"name":"wp","href":"https:\/\/api.w.org\/{rel}","templated":true}]}}