{"id":49,"date":"2024-12-04T01:03:31","date_gmt":"2024-12-04T00:03:31","guid":{"rendered":"https:\/\/opatstvi.magick.cz\/?page_id=49"},"modified":"2024-12-30T01:27:00","modified_gmt":"2024-12-30T00:27:00","slug":"prisaha","status":"publish","type":"page","link":"https:\/\/opatstvi.magick.cz\/?page_id=49","title":{"rendered":"P\u0159\u00edsaha"},"content":{"rendered":"\r\n<p><br \/>J\u00e1\u2026(magick\u00e9 motto)<\/p>\r\n\r\n\r\n\r\n<p>p\u0159edstupuji ve jm\u00e9nu Knihy z\u00e1kona p\u0159ed sv\u00e9 bratry a sestry,<br \/>a slavnostn\u011b prohla\u0161uji, byv(\u0161i) v souladu se svou mysl\u00ed, na tomto m\u00edst\u011b (kde), dnes (kdy),<br \/>\u017ee dne\u0161n\u00edm dne po\u010d\u00ednaje zasv\u011bcuji sv\u016fj \u017eivot Velk\u00e9mu d\u00edlu.<br \/>A proto slibuji<\/p>\r\n\r\n\r\n\r\n<p>\u017ee budu usilovat o pozn\u00e1n\u00ed sv\u011bta v souladu s u\u010den\u00edm thel\u00e9my a nabyt\u00e9 v\u011bd\u011bn\u00ed budu chovat v \u00fact\u011b a l\u00e1sce,<br \/>\u017ee budu \u017e\u00edt v harmonii s pravdou dle sv\u00e9ho nejlep\u0161\u00edho v\u011bdom\u00ed a sv\u011bdom\u00ed,<br \/>\u017ee budu p\u0159ij\u00edmat sv\u016fj osud a ud\u00e1losti kolem mne jako jevi\u0161t\u011b m\u00e9 Prav\u00e9 v\u016fle;<br \/>\u017ee budu usilovat o spojen\u00ed se Svat\u00fdm and\u011blem str\u00e1\u017ecem;<br \/>\u017ee svou v\u016fli nezkal\u00edm chtivost\u00ed v\u00fdsledku;<\/p>\r\n\r\n\r\n\r\n<p>\u017ee budu ct\u00edt sv\u00e9 bratry a sestry a pom\u00e1hat jim v jejich \u00fasil\u00ed o pozn\u00e1n\u00ed Prav\u00e9 v\u016fle, ani\u017e bych v\u00e1hal\/a u\u017e\u00edt ve\u0161ker\u00e9 sv\u00e9 moudrosti,<br \/>\u017ee budu v\u011brnou sou\u010d\u00e1st\u00ed t\u00e9to l\u00f3\u017ee a budu ji ct\u00edt a chr\u00e1nit jak v \u010dase rozkv\u011btu, tak i v \u010dase b\u00eddy,<br \/>\u017ee budu pom\u00e1hat na magick\u00e9 cest\u011b v\u0161em, kdo o pomoc po\u017e\u00e1daj\u00ed,<br \/>\u017ee budu vzorem \u010di inspirac\u00ed ka\u017ed\u00e9mu mu\u017ei i ka\u017ed\u00e9 \u017een\u011b, ka\u017ed\u00e9 hv\u011bzd\u011b,<br \/>\u017ee budu spojovat svou l\u00e1skou rozd\u011blenost sv\u011bta a zasv\u011bt\u00edm se Velk\u00e9mu d\u00edlu t\u00edm, \u017ee budu Pravou v\u016fli konat.<br \/><br \/>Aumgn.<\/p>\r\n\r\n\r\n\r\n<p><br \/>*****<br \/>Star\u00e1 p\u0159\u00edsaha (viz n\u00ed\u017ee) byla vytvo\u0159ena jako inspirace v\u0161em, kdo nev\u011bd\u00ed, <em>co maj\u00ed \u0159\u00edkat<\/em>. Nemusela b\u00fdt nutn\u011b memorov\u00e1na doslova, smysl by v\u0161ak m\u011bl b\u00fdt zachov\u00e1n.<br \/>V letech 2019 &#8211; 2020 vznikla p\u0159\u00edsaha nov\u00e1. Ta m\u016f\u017ee b\u00fdt p\u0159ed\u010d\u00edt\u00e1na n\u011bkter\u00fdm bratrem nebo sestrou anebo ji m\u016f\u017ee \u010d\u00edst zasv\u011bcovan\u00fd.<\/p>\r\n\r\n\r\n\r\n<p>Takhle zn\u011bla star\u00e1 p\u0159\u00edsaha:<br \/><br \/>Slibuji (kdo) dle sv\u00e9ho rozhodnut\u00ed,<br \/>a slavnostn\u011b prohla\u0161uji, byv(\u0161i) v souladu se svou mysl\u00ed, na tomto m\u00edst\u011b (kde), dnes (kdy),<\/p>\r\n\r\n\r\n\r\n<p>\u017ee dne\u0161n\u00edm dne po\u010d\u00ednaje zasv\u011bcuji sv\u016fj \u017eivot Velk\u00e9mu d\u00edlu.<br \/>\u017de budu odd\u00e1n(a) sv\u00e9 Prav\u00e9 v\u016fli; \u017ee budu jen v souladu s n\u00ed myslet, hovo\u0159it i jednat;<\/p>\r\n\r\n\r\n\r\n<p>\u017ee porozum\u00edm v\u0161emu sv\u011btu a budu jej chovat v \u00fact\u011b a l\u00e1sce,<br \/>\u017ee budu p\u0159ij\u00edmat sv\u016fj osud a ud\u00e1losti kolem mne jako jevi\u0161t\u011b m\u00e9 Prav\u00e9 v\u016fle;<br \/>\u017ee budu usilovat o spojen\u00ed se Svat\u00fdm and\u011blem str\u00e1\u017ecem;<br \/>\u017ee svou v\u016fli nezkal\u00edm chtivost\u00ed v\u00fdsledku;<\/p>\r\n\r\n\r\n\r\n<p>\u017ee budu \u017e\u00edt v pravd\u011b, odvrhnu iluzi a budu spol\u00e9hat jen na vlastn\u00ed \u00fasudek, tak,<br \/>abych byl(a) schopen(schopna) pod\u0159\u00eddit ka\u017edi\u010dkou svou my\u0161lenku, slovo i \u010din toliko sv\u00e9 Prav\u00e9 v\u016fli,<br \/>a abych dok\u00e1zal(a) zasv\u011btit se Velk\u00e9mu D\u00edlu t\u00edm, \u017ee budu Pravou v\u016fli konat.<br \/><br \/><\/p>\r\n","protected":false},"excerpt":{"rendered":"<p>J\u00e1\u2026(magick\u00e9 motto) p\u0159edstupuji ve jm\u00e9nu Knihy z\u00e1kona p\u0159ed sv\u00e9 bratry a sestry,a slavnostn\u011b prohla\u0161uji, byv(\u0161i) v souladu se svou mysl\u00ed,<\/p>\n","protected":false},"author":2,"featured_media":0,"parent":0,"menu_order":0,"comment_status":"closed","ping_status":"closed","template":"","meta":{"colormag_page_container_layout":"default_layout","colormag_page_sidebar_layout":"default_layout","footnotes":""},"class_list":["post-49","page","type-page","status-publish","hentry"],"yoast_head":"<!-- This site is optimized with the Yoast SEO plugin v27.4 - https:\/\/yoast.com\/product\/yoast-seo-wordpress\/ -->\n<title>P\u0159\u00edsaha - Mal\u00e9 opatstv\u00ed thel\u00e9msk\u00e9<\/title>\n<meta name=\"robots\" content=\"index, follow, max-snippet:-1, max-image-preview:large, max-video-preview:-1\" \/>\n<link rel=\"canonical\" href=\"https:\/\/opatstvi.magick.cz\/?page_id=49\" \/>\n<meta property=\"og:locale\" content=\"cs_CZ\" \/>\n<meta property=\"og:type\" content=\"article\" \/>\n<meta property=\"og:title\" content=\"P\u0159\u00edsaha - Mal\u00e9 opatstv\u00ed thel\u00e9msk\u00e9\" \/>\n<meta property=\"og:description\" content=\"J\u00e1\u2026(magick\u00e9 motto) p\u0159edstupuji ve jm\u00e9nu Knihy z\u00e1kona p\u0159ed sv\u00e9 bratry a sestry,a slavnostn\u011b prohla\u0161uji, byv(\u0161i) v souladu se svou mysl\u00ed,\" \/>\n<meta property=\"og:url\" content=\"https:\/\/opatstvi.magick.cz\/?page_id=49\" \/>\n<meta property=\"og:site_name\" content=\"Mal\u00e9 opatstv\u00ed thel\u00e9msk\u00e9\" \/>\n<meta property=\"article:modified_time\" content=\"2024-12-30T00:27:00+00:00\" \/>\n<meta name=\"twitter:card\" content=\"summary_large_image\" \/>\n<meta name=\"twitter:label1\" content=\"Odhadovan\u00e1 doba \u010dten\u00ed\" \/>\n\t<meta name=\"twitter:data1\" content=\"3 minuty\" \/>\n<script type=\"application\/ld+json\" class=\"yoast-schema-graph\">{\"@context\":\"https:\\\/\\\/schema.org\",\"@graph\":[{\"@type\":\"WebPage\",\"@id\":\"https:\\\/\\\/opatstvi.magick.cz\\\/?page_id=49\",\"url\":\"https:\\\/\\\/opatstvi.magick.cz\\\/?page_id=49\",\"name\":\"P\u0159\u00edsaha - Mal\u00e9 opatstv\u00ed thel\u00e9msk\u00e9\",\"isPartOf\":{\"@id\":\"https:\\\/\\\/opatstvi.magick.cz\\\/#website\"},\"datePublished\":\"2024-12-04T00:03:31+00:00\",\"dateModified\":\"2024-12-30T00:27:00+00:00\",\"breadcrumb\":{\"@id\":\"https:\\\/\\\/opatstvi.magick.cz\\\/?page_id=49#breadcrumb\"},\"inLanguage\":\"cs\",\"potentialAction\":[{\"@type\":\"ReadAction\",\"target\":[\"https:\\\/\\\/opatstvi.magick.cz\\\/?page_id=49\"]}]},{\"@type\":\"BreadcrumbList\",\"@id\":\"https:\\\/\\\/opatstvi.magick.cz\\\/?page_id=49#breadcrumb\",\"itemListElement\":[{\"@type\":\"ListItem\",\"position\":1,\"name\":\"Dom\u016f\",\"item\":\"https:\\\/\\\/opatstvi.magick.cz\\\/\"},{\"@type\":\"ListItem\",\"position\":2,\"name\":\"P\u0159\u00edsaha\"}]},{\"@type\":\"WebSite\",\"@id\":\"https:\\\/\\\/opatstvi.magick.cz\\\/#website\",\"url\":\"https:\\\/\\\/opatstvi.magick.cz\\\/\",\"name\":\"Mal\u00e9 opatstv\u00ed thel\u00e9msk\u00e9\",\"description\":\"Nez\u00e1visl\u00e1 magick\u00e1 l\u00f3\u017ee\",\"publisher\":{\"@id\":\"https:\\\/\\\/opatstvi.magick.cz\\\/#organization\"},\"potentialAction\":[{\"@type\":\"SearchAction\",\"target\":{\"@type\":\"EntryPoint\",\"urlTemplate\":\"https:\\\/\\\/opatstvi.magick.cz\\\/?s={search_term_string}\"},\"query-input\":{\"@type\":\"PropertyValueSpecification\",\"valueRequired\":true,\"valueName\":\"search_term_string\"}}],\"inLanguage\":\"cs\"},{\"@type\":\"Organization\",\"@id\":\"https:\\\/\\\/opatstvi.magick.cz\\\/#organization\",\"name\":\"Mal\u00e9 opatstv\u00ed thel\u00e9msk\u00e9\",\"url\":\"https:\\\/\\\/opatstvi.magick.cz\\\/\",\"logo\":{\"@type\":\"ImageObject\",\"inLanguage\":\"cs\",\"@id\":\"https:\\\/\\\/opatstvi.magick.cz\\\/#\\\/schema\\\/logo\\\/image\\\/\",\"url\":\"https:\\\/\\\/opatstvi.magick.cz\\\/wp-content\\\/uploads\\\/2024\\\/12\\\/hvezda.jpg\",\"contentUrl\":\"https:\\\/\\\/opatstvi.magick.cz\\\/wp-content\\\/uploads\\\/2024\\\/12\\\/hvezda.jpg\",\"width\":200,\"height\":200,\"caption\":\"Mal\u00e9 opatstv\u00ed thel\u00e9msk\u00e9\"},\"image\":{\"@id\":\"https:\\\/\\\/opatstvi.magick.cz\\\/#\\\/schema\\\/logo\\\/image\\\/\"}}]}<\/script>\n<!-- \/ Yoast SEO plugin. -->","yoast_head_json":{"title":"P\u0159\u00edsaha - Mal\u00e9 opatstv\u00ed thel\u00e9msk\u00e9","robots":{"index":"index","follow":"follow","max-snippet":"max-snippet:-1","max-image-preview":"max-image-preview:large","max-video-preview":"max-video-preview:-1"},"canonical":"https:\/\/opatstvi.magick.cz\/?page_id=49","og_locale":"cs_CZ","og_type":"article","og_title":"P\u0159\u00edsaha - Mal\u00e9 opatstv\u00ed thel\u00e9msk\u00e9","og_description":"J\u00e1\u2026(magick\u00e9 motto) p\u0159edstupuji ve jm\u00e9nu Knihy z\u00e1kona p\u0159ed sv\u00e9 bratry a sestry,a slavnostn\u011b prohla\u0161uji, byv(\u0161i) v souladu se svou mysl\u00ed,","og_url":"https:\/\/opatstvi.magick.cz\/?page_id=49","og_site_name":"Mal\u00e9 opatstv\u00ed thel\u00e9msk\u00e9","article_modified_time":"2024-12-30T00:27:00+00:00","twitter_card":"summary_large_image","twitter_misc":{"Odhadovan\u00e1 doba \u010dten\u00ed":"3 minuty"},"schema":{"@context":"https:\/\/schema.org","@graph":[{"@type":"WebPage","@id":"https:\/\/opatstvi.magick.cz\/?page_id=49","url":"https:\/\/opatstvi.magick.cz\/?page_id=49","name":"P\u0159\u00edsaha - Mal\u00e9 opatstv\u00ed thel\u00e9msk\u00e9","isPartOf":{"@id":"https:\/\/opatstvi.magick.cz\/#website"},"datePublished":"2024-12-04T00:03:31+00:00","dateModified":"2024-12-30T00:27:00+00:00","breadcrumb":{"@id":"https:\/\/opatstvi.magick.cz\/?page_id=49#breadcrumb"},"inLanguage":"cs","potentialAction":[{"@type":"ReadAction","target":["https:\/\/opatstvi.magick.cz\/?page_id=49"]}]},{"@type":"BreadcrumbList","@id":"https:\/\/opatstvi.magick.cz\/?page_id=49#breadcrumb","itemListElement":[{"@type":"ListItem","position":1,"name":"Dom\u016f","item":"https:\/\/opatstvi.magick.cz\/"},{"@type":"ListItem","position":2,"name":"P\u0159\u00edsaha"}]},{"@type":"WebSite","@id":"https:\/\/opatstvi.magick.cz\/#website","url":"https:\/\/opatstvi.magick.cz\/","name":"Mal\u00e9 opatstv\u00ed thel\u00e9msk\u00e9","description":"Nez\u00e1visl\u00e1 magick\u00e1 l\u00f3\u017ee","publisher":{"@id":"https:\/\/opatstvi.magick.cz\/#organization"},"potentialAction":[{"@type":"SearchAction","target":{"@type":"EntryPoint","urlTemplate":"https:\/\/opatstvi.magick.cz\/?s={search_term_string}"},"query-input":{"@type":"PropertyValueSpecification","valueRequired":true,"valueName":"search_term_string"}}],"inLanguage":"cs"},{"@type":"Organization","@id":"https:\/\/opatstvi.magick.cz\/#organization","name":"Mal\u00e9 opatstv\u00ed thel\u00e9msk\u00e9","url":"https:\/\/opatstvi.magick.cz\/","logo":{"@type":"ImageObject","inLanguage":"cs","@id":"https:\/\/opatstvi.magick.cz\/#\/schema\/logo\/image\/","url":"https:\/\/opatstvi.magick.cz\/wp-content\/uploads\/2024\/12\/hvezda.jpg","contentUrl":"https:\/\/opatstvi.magick.cz\/wp-content\/uploads\/2024\/12\/hvezda.jpg","width":200,"height":200,"caption":"Mal\u00e9 opatstv\u00ed thel\u00e9msk\u00e9"},"image":{"@id":"https:\/\/opatstvi.magick.cz\/#\/schema\/logo\/image\/"}}]}},"_links":{"self":[{"href":"https:\/\/opatstvi.magick.cz\/index.php?rest_route=\/wp\/v2\/pages\/49","targetHints":{"allow":["GET"]}}],"collection":[{"href":"https:\/\/opatstvi.magick.cz\/index.php?rest_route=\/wp\/v2\/pages"}],"about":[{"href":"https:\/\/opatstvi.magick.cz\/index.php?rest_route=\/wp\/v2\/types\/page"}],"author":[{"embeddable":true,"href":"https:\/\/opatstvi.magick.cz\/index.php?rest_route=\/wp\/v2\/users\/2"}],"replies":[{"embeddable":true,"href":"https:\/\/opatstvi.magick.cz\/index.php?rest_route=%2Fwp%2Fv2%2Fcomments&post=49"}],"version-history":[{"count":6,"href":"https:\/\/opatstvi.magick.cz\/index.php?rest_route=\/wp\/v2\/pages\/49\/revisions"}],"predecessor-version":[{"id":161,"href":"https:\/\/opatstvi.magick.cz\/index.php?rest_route=\/wp\/v2\/pages\/49\/revisions\/161"}],"wp:attachment":[{"href":"https:\/\/opatstvi.magick.cz\/index.php?rest_route=%2Fwp%2Fv2%2Fmedia&parent=49"}],"curies":[{"name":"wp","href":"https:\/\/api.w.org\/{rel}","templated":true}]}}