{"id":58,"date":"2024-12-05T01:03:57","date_gmt":"2024-12-05T00:03:57","guid":{"rendered":"https:\/\/opatstvi.magick.cz\/?page_id=58"},"modified":"2024-12-30T01:25:37","modified_gmt":"2024-12-30T00:25:37","slug":"vstup-do-m-o-th","status":"publish","type":"page","link":"https:\/\/opatstvi.magick.cz\/?page_id=58","title":{"rendered":"\u010clenstv\u00ed"},"content":{"rendered":"\r\n<p>Cht\u011bli byste dos\u00e1hnout vnit\u0159n\u00ed celistvosti, odhalit sv\u00e9 skryt\u00e9 s\u00edly, porozum\u011bt sami sob\u011b i sv\u011btu &#8211; a ideje thel\u00e9my v\u00e1m nejsou ciz\u00ed? Pak se mo\u017en\u00e1 budete cht\u00edt p\u0159idat k n\u00e1m.<br \/>Nejsme hierarchick\u00e1 skupina, nem\u00e1me zvl\u00e1\u0161tn\u00ed p\u0159ij\u00edmac\u00ed nebo postupov\u00e9 ritu\u00e1ly. Svoje rozhodnut\u00ed stvrzuje nov\u00e1\u010dek p\u0159\u00edsahou a pravideln\u011b potvrzuje svou aktivitou a odpov\u011bdnost\u00ed za sebe i ostatn\u00ed \u010dleny.<br \/>\u010clenstvo rozd\u011blujeme dle jednoduch\u00e9ho kl\u00ed\u010de na aktivn\u00ed, extern\u00ed a \u010dekaj\u00edc\u00ed &#8211; do t\u0159et\u00ed skupiny pat\u0159\u00ed ti, kte\u0159\u00ed se zat\u00edm nev\u010dlenili mezi ostatn\u00ed nebo ti, kdo\u017e je\u0161t\u011b neslo\u017eili p\u0159\u00edsahu a proto je pokl\u00e1d\u00e1me za nerozhodnut\u00e9. P\u0159\u00edsahu v\u0161ak ch\u00e1peme jako neodvolateln\u00fd magick\u00fd z\u00e1vazek.<\/p>\r\n\r\n\r\n\r\n<p>\u010clenem se m\u016f\u017ee st\u00e1t:<\/p>\r\n\r\n\r\n\r\n<ul class=\"wp-block-list\">\r\n<li>bu\u010f absolvent aspo\u0148 dvou rok\u016f ze \u010dty\u0159let\u00e9ho studia tarotu v \u0160VUEvB, kter\u00fd se pravideln\u011b \u00fa\u010dastn\u00ed setk\u00e1n\u00ed<\/li>\r\n\r\n\r\n\r\n<li>nebo z\u00e1jemce projde zkou\u0161kou znalost\u00ed + ro\u010dn\u00ed a\u017e dvoulet\u00e1 zku\u0161ebn\u00ed doba, v jej\u00edm\u017e pr\u016fb\u011bhu se mus\u00ed \u010dekatel \u00fa\u010dastnit setk\u00e1n\u00ed a aktivn\u011b se pod\u00edlet na \u010dinnosti skupiny + v\u011bk minim\u00e1ln\u011b 25 let + poplatek 19000 K\u010d za rok (po oba roky)<\/li>\r\n\r\n\r\n\r\n<li>nebo osobn\u00ed doporu\u010den\u00ed a z\u00e1ruka st\u00e1vaj\u00edc\u00edho \u010dlena, zkou\u0161ka znalost\u00ed + poplatek 19000 K\u010d ro\u010dn\u011b po dva roky<\/li>\r\n\r\n\r\n\r\n<li>nebo \u017e\u00e1k kursu Dovednosti praktick\u00e9 magie, kter\u00fd se pravideln\u011b \u00fa\u010dastn\u00ed setk\u00e1n\u00ed<\/li>\r\n\r\n\r\n\r\n<li>D\u00e1le po\u017eadujeme aktivn\u00ed \u00fa\u010dast na setk\u00e1n\u00edch a na spole\u010dn\u00e9 \u010dinnosti, ochotu spolupracovat, kreativitu, up\u0159\u00edmnost.<\/li>\r\n<\/ul>\r\n\r\n\r\n\r\n<p>Extern\u00ed \u010dlenstv\u00ed:<br \/>Extern\u00edm \u010dlenem se m\u016f\u017ee st\u00e1t kdokoliv, kdo odeb\u00edr\u00e1 p\u0159edn\u00e1\u0161ky thel\u00e9my nebo kursu Dovednost\u00ed praktick\u00e9 magie a zaj\u00edm\u00e1 se o \u010dinnost l\u00f3\u017ee; na jej\u00ed setk\u00e1n\u00ed jezdit m\u016f\u017ee nebo nemus\u00ed.<\/p>\r\n\r\n\r\n\r\n<p>Z\u00e1jemci n\u00e1s mohou kontaktovat na mailu geburah@magick.cz.<\/p>\r\n","protected":false},"excerpt":{"rendered":"<p>Cht\u011bli byste dos\u00e1hnout vnit\u0159n\u00ed celistvosti, odhalit sv\u00e9 skryt\u00e9 s\u00edly, porozum\u011bt sami sob\u011b i sv\u011btu &#8211; a ideje thel\u00e9my v\u00e1m nejsou<\/p>\n","protected":false},"author":2,"featured_media":0,"parent":0,"menu_order":0,"comment_status":"closed","ping_status":"closed","template":"","meta":{"colormag_page_container_layout":"default_layout","colormag_page_sidebar_layout":"default_layout","footnotes":""},"class_list":["post-58","page","type-page","status-publish","hentry"],"yoast_head":"<!-- This site is optimized with the Yoast SEO plugin v27.4 - https:\/\/yoast.com\/product\/yoast-seo-wordpress\/ -->\n<title>\u010clenstv\u00ed - Mal\u00e9 opatstv\u00ed thel\u00e9msk\u00e9<\/title>\n<meta name=\"robots\" content=\"index, follow, max-snippet:-1, max-image-preview:large, max-video-preview:-1\" \/>\n<link rel=\"canonical\" href=\"https:\/\/opatstvi.magick.cz\/?page_id=58\" \/>\n<meta property=\"og:locale\" content=\"cs_CZ\" \/>\n<meta property=\"og:type\" content=\"article\" \/>\n<meta property=\"og:title\" content=\"\u010clenstv\u00ed - Mal\u00e9 opatstv\u00ed thel\u00e9msk\u00e9\" \/>\n<meta property=\"og:description\" content=\"Cht\u011bli byste dos\u00e1hnout vnit\u0159n\u00ed celistvosti, odhalit sv\u00e9 skryt\u00e9 s\u00edly, porozum\u011bt sami sob\u011b i sv\u011btu &#8211; a ideje thel\u00e9my v\u00e1m nejsou\" \/>\n<meta property=\"og:url\" content=\"https:\/\/opatstvi.magick.cz\/?page_id=58\" \/>\n<meta property=\"og:site_name\" content=\"Mal\u00e9 opatstv\u00ed thel\u00e9msk\u00e9\" \/>\n<meta property=\"article:modified_time\" content=\"2024-12-30T00:25:37+00:00\" \/>\n<meta name=\"twitter:card\" content=\"summary_large_image\" \/>\n<meta name=\"twitter:label1\" content=\"Odhadovan\u00e1 doba \u010dten\u00ed\" \/>\n\t<meta name=\"twitter:data1\" content=\"2 minuty\" \/>\n<script type=\"application\/ld+json\" class=\"yoast-schema-graph\">{\"@context\":\"https:\\\/\\\/schema.org\",\"@graph\":[{\"@type\":\"WebPage\",\"@id\":\"https:\\\/\\\/opatstvi.magick.cz\\\/?page_id=58\",\"url\":\"https:\\\/\\\/opatstvi.magick.cz\\\/?page_id=58\",\"name\":\"\u010clenstv\u00ed - Mal\u00e9 opatstv\u00ed thel\u00e9msk\u00e9\",\"isPartOf\":{\"@id\":\"https:\\\/\\\/opatstvi.magick.cz\\\/#website\"},\"datePublished\":\"2024-12-05T00:03:57+00:00\",\"dateModified\":\"2024-12-30T00:25:37+00:00\",\"breadcrumb\":{\"@id\":\"https:\\\/\\\/opatstvi.magick.cz\\\/?page_id=58#breadcrumb\"},\"inLanguage\":\"cs\",\"potentialAction\":[{\"@type\":\"ReadAction\",\"target\":[\"https:\\\/\\\/opatstvi.magick.cz\\\/?page_id=58\"]}]},{\"@type\":\"BreadcrumbList\",\"@id\":\"https:\\\/\\\/opatstvi.magick.cz\\\/?page_id=58#breadcrumb\",\"itemListElement\":[{\"@type\":\"ListItem\",\"position\":1,\"name\":\"Dom\u016f\",\"item\":\"https:\\\/\\\/opatstvi.magick.cz\\\/\"},{\"@type\":\"ListItem\",\"position\":2,\"name\":\"\u010clenstv\u00ed\"}]},{\"@type\":\"WebSite\",\"@id\":\"https:\\\/\\\/opatstvi.magick.cz\\\/#website\",\"url\":\"https:\\\/\\\/opatstvi.magick.cz\\\/\",\"name\":\"Mal\u00e9 opatstv\u00ed thel\u00e9msk\u00e9\",\"description\":\"Nez\u00e1visl\u00e1 magick\u00e1 l\u00f3\u017ee\",\"publisher\":{\"@id\":\"https:\\\/\\\/opatstvi.magick.cz\\\/#organization\"},\"potentialAction\":[{\"@type\":\"SearchAction\",\"target\":{\"@type\":\"EntryPoint\",\"urlTemplate\":\"https:\\\/\\\/opatstvi.magick.cz\\\/?s={search_term_string}\"},\"query-input\":{\"@type\":\"PropertyValueSpecification\",\"valueRequired\":true,\"valueName\":\"search_term_string\"}}],\"inLanguage\":\"cs\"},{\"@type\":\"Organization\",\"@id\":\"https:\\\/\\\/opatstvi.magick.cz\\\/#organization\",\"name\":\"Mal\u00e9 opatstv\u00ed thel\u00e9msk\u00e9\",\"url\":\"https:\\\/\\\/opatstvi.magick.cz\\\/\",\"logo\":{\"@type\":\"ImageObject\",\"inLanguage\":\"cs\",\"@id\":\"https:\\\/\\\/opatstvi.magick.cz\\\/#\\\/schema\\\/logo\\\/image\\\/\",\"url\":\"https:\\\/\\\/opatstvi.magick.cz\\\/wp-content\\\/uploads\\\/2024\\\/12\\\/hvezda.jpg\",\"contentUrl\":\"https:\\\/\\\/opatstvi.magick.cz\\\/wp-content\\\/uploads\\\/2024\\\/12\\\/hvezda.jpg\",\"width\":200,\"height\":200,\"caption\":\"Mal\u00e9 opatstv\u00ed thel\u00e9msk\u00e9\"},\"image\":{\"@id\":\"https:\\\/\\\/opatstvi.magick.cz\\\/#\\\/schema\\\/logo\\\/image\\\/\"}}]}<\/script>\n<!-- \/ Yoast SEO plugin. -->","yoast_head_json":{"title":"\u010clenstv\u00ed - Mal\u00e9 opatstv\u00ed thel\u00e9msk\u00e9","robots":{"index":"index","follow":"follow","max-snippet":"max-snippet:-1","max-image-preview":"max-image-preview:large","max-video-preview":"max-video-preview:-1"},"canonical":"https:\/\/opatstvi.magick.cz\/?page_id=58","og_locale":"cs_CZ","og_type":"article","og_title":"\u010clenstv\u00ed - Mal\u00e9 opatstv\u00ed thel\u00e9msk\u00e9","og_description":"Cht\u011bli byste dos\u00e1hnout vnit\u0159n\u00ed celistvosti, odhalit sv\u00e9 skryt\u00e9 s\u00edly, porozum\u011bt sami sob\u011b i sv\u011btu &#8211; a ideje thel\u00e9my v\u00e1m nejsou","og_url":"https:\/\/opatstvi.magick.cz\/?page_id=58","og_site_name":"Mal\u00e9 opatstv\u00ed thel\u00e9msk\u00e9","article_modified_time":"2024-12-30T00:25:37+00:00","twitter_card":"summary_large_image","twitter_misc":{"Odhadovan\u00e1 doba \u010dten\u00ed":"2 minuty"},"schema":{"@context":"https:\/\/schema.org","@graph":[{"@type":"WebPage","@id":"https:\/\/opatstvi.magick.cz\/?page_id=58","url":"https:\/\/opatstvi.magick.cz\/?page_id=58","name":"\u010clenstv\u00ed - Mal\u00e9 opatstv\u00ed thel\u00e9msk\u00e9","isPartOf":{"@id":"https:\/\/opatstvi.magick.cz\/#website"},"datePublished":"2024-12-05T00:03:57+00:00","dateModified":"2024-12-30T00:25:37+00:00","breadcrumb":{"@id":"https:\/\/opatstvi.magick.cz\/?page_id=58#breadcrumb"},"inLanguage":"cs","potentialAction":[{"@type":"ReadAction","target":["https:\/\/opatstvi.magick.cz\/?page_id=58"]}]},{"@type":"BreadcrumbList","@id":"https:\/\/opatstvi.magick.cz\/?page_id=58#breadcrumb","itemListElement":[{"@type":"ListItem","position":1,"name":"Dom\u016f","item":"https:\/\/opatstvi.magick.cz\/"},{"@type":"ListItem","position":2,"name":"\u010clenstv\u00ed"}]},{"@type":"WebSite","@id":"https:\/\/opatstvi.magick.cz\/#website","url":"https:\/\/opatstvi.magick.cz\/","name":"Mal\u00e9 opatstv\u00ed thel\u00e9msk\u00e9","description":"Nez\u00e1visl\u00e1 magick\u00e1 l\u00f3\u017ee","publisher":{"@id":"https:\/\/opatstvi.magick.cz\/#organization"},"potentialAction":[{"@type":"SearchAction","target":{"@type":"EntryPoint","urlTemplate":"https:\/\/opatstvi.magick.cz\/?s={search_term_string}"},"query-input":{"@type":"PropertyValueSpecification","valueRequired":true,"valueName":"search_term_string"}}],"inLanguage":"cs"},{"@type":"Organization","@id":"https:\/\/opatstvi.magick.cz\/#organization","name":"Mal\u00e9 opatstv\u00ed thel\u00e9msk\u00e9","url":"https:\/\/opatstvi.magick.cz\/","logo":{"@type":"ImageObject","inLanguage":"cs","@id":"https:\/\/opatstvi.magick.cz\/#\/schema\/logo\/image\/","url":"https:\/\/opatstvi.magick.cz\/wp-content\/uploads\/2024\/12\/hvezda.jpg","contentUrl":"https:\/\/opatstvi.magick.cz\/wp-content\/uploads\/2024\/12\/hvezda.jpg","width":200,"height":200,"caption":"Mal\u00e9 opatstv\u00ed thel\u00e9msk\u00e9"},"image":{"@id":"https:\/\/opatstvi.magick.cz\/#\/schema\/logo\/image\/"}}]}},"_links":{"self":[{"href":"https:\/\/opatstvi.magick.cz\/index.php?rest_route=\/wp\/v2\/pages\/58","targetHints":{"allow":["GET"]}}],"collection":[{"href":"https:\/\/opatstvi.magick.cz\/index.php?rest_route=\/wp\/v2\/pages"}],"about":[{"href":"https:\/\/opatstvi.magick.cz\/index.php?rest_route=\/wp\/v2\/types\/page"}],"author":[{"embeddable":true,"href":"https:\/\/opatstvi.magick.cz\/index.php?rest_route=\/wp\/v2\/users\/2"}],"replies":[{"embeddable":true,"href":"https:\/\/opatstvi.magick.cz\/index.php?rest_route=%2Fwp%2Fv2%2Fcomments&post=58"}],"version-history":[{"count":7,"href":"https:\/\/opatstvi.magick.cz\/index.php?rest_route=\/wp\/v2\/pages\/58\/revisions"}],"predecessor-version":[{"id":160,"href":"https:\/\/opatstvi.magick.cz\/index.php?rest_route=\/wp\/v2\/pages\/58\/revisions\/160"}],"wp:attachment":[{"href":"https:\/\/opatstvi.magick.cz\/index.php?rest_route=%2Fwp%2Fv2%2Fmedia&parent=58"}],"curies":[{"name":"wp","href":"https:\/\/api.w.org\/{rel}","templated":true}]}}