{"id":8,"date":"2024-12-02T16:55:52","date_gmt":"2024-12-02T15:55:52","guid":{"rendered":"https:\/\/opatstvi.magick.cz\/?page_id=8"},"modified":"2024-12-02T17:02:11","modified_gmt":"2024-12-02T16:02:11","slug":"liber-al-vel-legis","status":"publish","type":"page","link":"https:\/\/opatstvi.magick.cz\/?page_id=8","title":{"rendered":"Liber AL vel Legis"},"content":{"rendered":"\n<figure class=\"wp-block-image size-large\"><a href=\"http:\/\/www.magick.cz\/magick\/alx\/magick\/index.php?co=al_pok\" target=\"_blank\" rel=\" noreferrer noopener\"><img decoding=\"async\" src=\"http:\/\/www.magick.cz\/magick\/alx\/magick\/doc\/al\/liberlegis.jpg\" alt=\"\"\/><\/a><\/figure>\n\n\n\n<p><\/p>\n","protected":false},"excerpt":{"rendered":"","protected":false},"author":1,"featured_media":0,"parent":0,"menu_order":0,"comment_status":"closed","ping_status":"closed","template":"","meta":{"colormag_page_container_layout":"default_layout","colormag_page_sidebar_layout":"default_layout","footnotes":""},"class_list":["post-8","page","type-page","status-publish","hentry"],"yoast_head":"<!-- This site is optimized with the Yoast SEO plugin v27.4 - https:\/\/yoast.com\/product\/yoast-seo-wordpress\/ -->\n<title>Liber AL vel Legis - Mal\u00e9 opatstv\u00ed thel\u00e9msk\u00e9<\/title>\n<meta name=\"robots\" content=\"index, follow, max-snippet:-1, max-image-preview:large, max-video-preview:-1\" \/>\n<link rel=\"canonical\" href=\"https:\/\/opatstvi.magick.cz\/?page_id=8\" \/>\n<meta property=\"og:locale\" content=\"cs_CZ\" \/>\n<meta property=\"og:type\" content=\"article\" \/>\n<meta property=\"og:title\" content=\"Liber AL vel Legis - Mal\u00e9 opatstv\u00ed thel\u00e9msk\u00e9\" \/>\n<meta property=\"og:url\" content=\"https:\/\/opatstvi.magick.cz\/?page_id=8\" \/>\n<meta property=\"og:site_name\" content=\"Mal\u00e9 opatstv\u00ed thel\u00e9msk\u00e9\" \/>\n<meta property=\"article:modified_time\" content=\"2024-12-02T16:02:11+00:00\" \/>\n<meta property=\"og:image\" content=\"http:\/\/www.magick.cz\/magick\/alx\/magick\/doc\/al\/liberlegis.jpg\" \/>\n<meta name=\"twitter:card\" content=\"summary_large_image\" \/>\n<script type=\"application\/ld+json\" class=\"yoast-schema-graph\">{\"@context\":\"https:\\\/\\\/schema.org\",\"@graph\":[{\"@type\":\"WebPage\",\"@id\":\"https:\\\/\\\/opatstvi.magick.cz\\\/?page_id=8\",\"url\":\"https:\\\/\\\/opatstvi.magick.cz\\\/?page_id=8\",\"name\":\"Liber AL vel Legis - Mal\u00e9 opatstv\u00ed thel\u00e9msk\u00e9\",\"isPartOf\":{\"@id\":\"https:\\\/\\\/opatstvi.magick.cz\\\/#website\"},\"primaryImageOfPage\":{\"@id\":\"https:\\\/\\\/opatstvi.magick.cz\\\/?page_id=8#primaryimage\"},\"image\":{\"@id\":\"https:\\\/\\\/opatstvi.magick.cz\\\/?page_id=8#primaryimage\"},\"thumbnailUrl\":\"http:\\\/\\\/www.magick.cz\\\/magick\\\/alx\\\/magick\\\/doc\\\/al\\\/liberlegis.jpg\",\"datePublished\":\"2024-12-02T15:55:52+00:00\",\"dateModified\":\"2024-12-02T16:02:11+00:00\",\"breadcrumb\":{\"@id\":\"https:\\\/\\\/opatstvi.magick.cz\\\/?page_id=8#breadcrumb\"},\"inLanguage\":\"cs\",\"potentialAction\":[{\"@type\":\"ReadAction\",\"target\":[\"https:\\\/\\\/opatstvi.magick.cz\\\/?page_id=8\"]}]},{\"@type\":\"ImageObject\",\"inLanguage\":\"cs\",\"@id\":\"https:\\\/\\\/opatstvi.magick.cz\\\/?page_id=8#primaryimage\",\"url\":\"http:\\\/\\\/www.magick.cz\\\/magick\\\/alx\\\/magick\\\/doc\\\/al\\\/liberlegis.jpg\",\"contentUrl\":\"http:\\\/\\\/www.magick.cz\\\/magick\\\/alx\\\/magick\\\/doc\\\/al\\\/liberlegis.jpg\"},{\"@type\":\"BreadcrumbList\",\"@id\":\"https:\\\/\\\/opatstvi.magick.cz\\\/?page_id=8#breadcrumb\",\"itemListElement\":[{\"@type\":\"ListItem\",\"position\":1,\"name\":\"Dom\u016f\",\"item\":\"https:\\\/\\\/opatstvi.magick.cz\\\/\"},{\"@type\":\"ListItem\",\"position\":2,\"name\":\"Liber AL vel Legis\"}]},{\"@type\":\"WebSite\",\"@id\":\"https:\\\/\\\/opatstvi.magick.cz\\\/#website\",\"url\":\"https:\\\/\\\/opatstvi.magick.cz\\\/\",\"name\":\"Mal\u00e9 opatstv\u00ed thel\u00e9msk\u00e9\",\"description\":\"Nez\u00e1visl\u00e1 magick\u00e1 l\u00f3\u017ee\",\"publisher\":{\"@id\":\"https:\\\/\\\/opatstvi.magick.cz\\\/#organization\"},\"potentialAction\":[{\"@type\":\"SearchAction\",\"target\":{\"@type\":\"EntryPoint\",\"urlTemplate\":\"https:\\\/\\\/opatstvi.magick.cz\\\/?s={search_term_string}\"},\"query-input\":{\"@type\":\"PropertyValueSpecification\",\"valueRequired\":true,\"valueName\":\"search_term_string\"}}],\"inLanguage\":\"cs\"},{\"@type\":\"Organization\",\"@id\":\"https:\\\/\\\/opatstvi.magick.cz\\\/#organization\",\"name\":\"Mal\u00e9 opatstv\u00ed thel\u00e9msk\u00e9\",\"url\":\"https:\\\/\\\/opatstvi.magick.cz\\\/\",\"logo\":{\"@type\":\"ImageObject\",\"inLanguage\":\"cs\",\"@id\":\"https:\\\/\\\/opatstvi.magick.cz\\\/#\\\/schema\\\/logo\\\/image\\\/\",\"url\":\"https:\\\/\\\/opatstvi.magick.cz\\\/wp-content\\\/uploads\\\/2024\\\/12\\\/hvezda.jpg\",\"contentUrl\":\"https:\\\/\\\/opatstvi.magick.cz\\\/wp-content\\\/uploads\\\/2024\\\/12\\\/hvezda.jpg\",\"width\":200,\"height\":200,\"caption\":\"Mal\u00e9 opatstv\u00ed thel\u00e9msk\u00e9\"},\"image\":{\"@id\":\"https:\\\/\\\/opatstvi.magick.cz\\\/#\\\/schema\\\/logo\\\/image\\\/\"}}]}<\/script>\n<!-- \/ Yoast SEO plugin. -->","yoast_head_json":{"title":"Liber AL vel Legis - Mal\u00e9 opatstv\u00ed thel\u00e9msk\u00e9","robots":{"index":"index","follow":"follow","max-snippet":"max-snippet:-1","max-image-preview":"max-image-preview:large","max-video-preview":"max-video-preview:-1"},"canonical":"https:\/\/opatstvi.magick.cz\/?page_id=8","og_locale":"cs_CZ","og_type":"article","og_title":"Liber AL vel Legis - Mal\u00e9 opatstv\u00ed thel\u00e9msk\u00e9","og_url":"https:\/\/opatstvi.magick.cz\/?page_id=8","og_site_name":"Mal\u00e9 opatstv\u00ed thel\u00e9msk\u00e9","article_modified_time":"2024-12-02T16:02:11+00:00","og_image":[{"url":"http:\/\/www.magick.cz\/magick\/alx\/magick\/doc\/al\/liberlegis.jpg","type":"","width":"","height":""}],"twitter_card":"summary_large_image","schema":{"@context":"https:\/\/schema.org","@graph":[{"@type":"WebPage","@id":"https:\/\/opatstvi.magick.cz\/?page_id=8","url":"https:\/\/opatstvi.magick.cz\/?page_id=8","name":"Liber AL vel Legis - Mal\u00e9 opatstv\u00ed thel\u00e9msk\u00e9","isPartOf":{"@id":"https:\/\/opatstvi.magick.cz\/#website"},"primaryImageOfPage":{"@id":"https:\/\/opatstvi.magick.cz\/?page_id=8#primaryimage"},"image":{"@id":"https:\/\/opatstvi.magick.cz\/?page_id=8#primaryimage"},"thumbnailUrl":"http:\/\/www.magick.cz\/magick\/alx\/magick\/doc\/al\/liberlegis.jpg","datePublished":"2024-12-02T15:55:52+00:00","dateModified":"2024-12-02T16:02:11+00:00","breadcrumb":{"@id":"https:\/\/opatstvi.magick.cz\/?page_id=8#breadcrumb"},"inLanguage":"cs","potentialAction":[{"@type":"ReadAction","target":["https:\/\/opatstvi.magick.cz\/?page_id=8"]}]},{"@type":"ImageObject","inLanguage":"cs","@id":"https:\/\/opatstvi.magick.cz\/?page_id=8#primaryimage","url":"http:\/\/www.magick.cz\/magick\/alx\/magick\/doc\/al\/liberlegis.jpg","contentUrl":"http:\/\/www.magick.cz\/magick\/alx\/magick\/doc\/al\/liberlegis.jpg"},{"@type":"BreadcrumbList","@id":"https:\/\/opatstvi.magick.cz\/?page_id=8#breadcrumb","itemListElement":[{"@type":"ListItem","position":1,"name":"Dom\u016f","item":"https:\/\/opatstvi.magick.cz\/"},{"@type":"ListItem","position":2,"name":"Liber AL vel Legis"}]},{"@type":"WebSite","@id":"https:\/\/opatstvi.magick.cz\/#website","url":"https:\/\/opatstvi.magick.cz\/","name":"Mal\u00e9 opatstv\u00ed thel\u00e9msk\u00e9","description":"Nez\u00e1visl\u00e1 magick\u00e1 l\u00f3\u017ee","publisher":{"@id":"https:\/\/opatstvi.magick.cz\/#organization"},"potentialAction":[{"@type":"SearchAction","target":{"@type":"EntryPoint","urlTemplate":"https:\/\/opatstvi.magick.cz\/?s={search_term_string}"},"query-input":{"@type":"PropertyValueSpecification","valueRequired":true,"valueName":"search_term_string"}}],"inLanguage":"cs"},{"@type":"Organization","@id":"https:\/\/opatstvi.magick.cz\/#organization","name":"Mal\u00e9 opatstv\u00ed thel\u00e9msk\u00e9","url":"https:\/\/opatstvi.magick.cz\/","logo":{"@type":"ImageObject","inLanguage":"cs","@id":"https:\/\/opatstvi.magick.cz\/#\/schema\/logo\/image\/","url":"https:\/\/opatstvi.magick.cz\/wp-content\/uploads\/2024\/12\/hvezda.jpg","contentUrl":"https:\/\/opatstvi.magick.cz\/wp-content\/uploads\/2024\/12\/hvezda.jpg","width":200,"height":200,"caption":"Mal\u00e9 opatstv\u00ed thel\u00e9msk\u00e9"},"image":{"@id":"https:\/\/opatstvi.magick.cz\/#\/schema\/logo\/image\/"}}]}},"_links":{"self":[{"href":"https:\/\/opatstvi.magick.cz\/index.php?rest_route=\/wp\/v2\/pages\/8","targetHints":{"allow":["GET"]}}],"collection":[{"href":"https:\/\/opatstvi.magick.cz\/index.php?rest_route=\/wp\/v2\/pages"}],"about":[{"href":"https:\/\/opatstvi.magick.cz\/index.php?rest_route=\/wp\/v2\/types\/page"}],"author":[{"embeddable":true,"href":"https:\/\/opatstvi.magick.cz\/index.php?rest_route=\/wp\/v2\/users\/1"}],"replies":[{"embeddable":true,"href":"https:\/\/opatstvi.magick.cz\/index.php?rest_route=%2Fwp%2Fv2%2Fcomments&post=8"}],"version-history":[{"count":3,"href":"https:\/\/opatstvi.magick.cz\/index.php?rest_route=\/wp\/v2\/pages\/8\/revisions"}],"predecessor-version":[{"id":14,"href":"https:\/\/opatstvi.magick.cz\/index.php?rest_route=\/wp\/v2\/pages\/8\/revisions\/14"}],"wp:attachment":[{"href":"https:\/\/opatstvi.magick.cz\/index.php?rest_route=%2Fwp%2Fv2%2Fmedia&parent=8"}],"curies":[{"name":"wp","href":"https:\/\/api.w.org\/{rel}","templated":true}]}}